{"id":1011,"date":"2018-11-28T13:34:22","date_gmt":"2018-11-28T12:34:22","guid":{"rendered":"https:\/\/vilalimba.sk\/vila-limba\/"},"modified":"2024-12-05T17:16:57","modified_gmt":"2024-12-05T16:16:57","slug":"vila-limba","status":"publish","type":"page","link":"https:\/\/vilalimba.sk\/de\/","title":{"rendered":"Vila LIMBA"},"content":{"rendered":"\t\t<div data-elementor-type=\"wp-post\" data-elementor-id=\"1011\" class=\"elementor elementor-1011 elementor-9\" data-elementor-post-type=\"page\">\n\t\t\t\t\t\t<section class=\"elementor-section elementor-top-section elementor-element elementor-element-3edeff5 elementor-section-boxed elementor-section-height-default elementor-section-height-default elementor-invisible\" data-id=\"3edeff5\" data-element_type=\"section\" data-settings=\"{&quot;jet_parallax_layout_list&quot;:[{&quot;jet_parallax_layout_image&quot;:{&quot;url&quot;:&quot;&quot;,&quot;id&quot;:&quot;&quot;,&quot;size&quot;:&quot;&quot;},&quot;_id&quot;:&quot;8d768fc&quot;,&quot;jet_parallax_layout_speed&quot;:{&quot;unit&quot;:&quot;%&quot;,&quot;size&quot;:50,&quot;sizes&quot;:[]},&quot;jet_parallax_layout_image_tablet&quot;:{&quot;url&quot;:&quot;&quot;,&quot;id&quot;:&quot;&quot;,&quot;size&quot;:&quot;&quot;},&quot;jet_parallax_layout_image_mobile&quot;:{&quot;url&quot;:&quot;&quot;,&quot;id&quot;:&quot;&quot;,&quot;size&quot;:&quot;&quot;},&quot;jet_parallax_layout_type&quot;:&quot;scroll&quot;,&quot;jet_parallax_layout_direction&quot;:&quot;1&quot;,&quot;jet_parallax_layout_fx_direction&quot;:null,&quot;jet_parallax_layout_z_index&quot;:&quot;&quot;,&quot;jet_parallax_layout_bg_x&quot;:50,&quot;jet_parallax_layout_bg_x_tablet&quot;:&quot;&quot;,&quot;jet_parallax_layout_bg_x_mobile&quot;:&quot;&quot;,&quot;jet_parallax_layout_bg_y&quot;:50,&quot;jet_parallax_layout_bg_y_tablet&quot;:&quot;&quot;,&quot;jet_parallax_layout_bg_y_mobile&quot;:&quot;&quot;,&quot;jet_parallax_layout_bg_size&quot;:&quot;auto&quot;,&quot;jet_parallax_layout_bg_size_tablet&quot;:&quot;&quot;,&quot;jet_parallax_layout_bg_size_mobile&quot;:&quot;&quot;,&quot;jet_parallax_layout_animation_prop&quot;:&quot;transform&quot;,&quot;jet_parallax_layout_on&quot;:[&quot;desktop&quot;,&quot;tablet&quot;]}],&quot;animation&quot;:&quot;fadeIn&quot;}\">\n\t\t\t\t\t\t<div class=\"elementor-container elementor-column-gap-default\">\n\t\t\t\t\t<div class=\"elementor-column elementor-col-100 elementor-top-column elementor-element elementor-element-4d44098\" data-id=\"4d44098\" data-element_type=\"column\">\n\t\t\t<div class=\"elementor-widget-wrap elementor-element-populated\">\n\t\t\t\t\t\t<div class=\"elementor-element elementor-element-536e727 elementor-widget elementor-widget-heading\" data-id=\"536e727\" data-element_type=\"widget\" data-widget_type=\"heading.default\">\n\t\t\t\t<div class=\"elementor-widget-container\">\n\t\t\t\t\t<h2 class=\"elementor-heading-title elementor-size-default\">VILA LIMBA - NOV\u00dd SMOKOVEC<\/h2>\t\t\t\t<\/div>\n\t\t\t\t<\/div>\n\t\t\t\t<div class=\"elementor-element elementor-element-35023f4 elementor-widget elementor-widget-text-editor\" data-id=\"35023f4\" data-element_type=\"widget\" data-widget_type=\"text-editor.default\">\n\t\t\t\t<div class=\"elementor-widget-container\">\n\t\t\t\t\t\t\t\t\t<p>Vila Limba bietet Unterkunft in einer Familienpension im Zentrum der Hohen Tatra in Novy Smokovec. Das Hotel liegt 400 Meter von der Seilbahn auf Hrebienok, 200 Meter von der Stra\u00dfenbahnhaltestelle (auch) und nur 150 Meter von den Pisten entfernt. Es ist ein idealer Ausgangspunkt f\u00fcr Wanderungen und verschiedene sportliche Aktivit\u00e4ten. Wir beraten Ihnen gern bei Ihre Pl\u00e4ne. Unsere G\u00e4ste haben auch verg\u00fcnstigten Zugang zum Wellnesscenter im benachbarten Hotel und der nahe gelegenen Aqua Park. Es gibt auch einen Parkplatz direkt am Haus.<\/p>\n\t\t\t\t\t\t\t\t<\/div>\n\t\t\t\t<\/div>\n\t\t\t\t\t<\/div>\n\t\t<\/div>\n\t\t\t\t\t<\/div>\n\t\t<\/section>\n\t\t\t\t<section class=\"elementor-section elementor-top-section elementor-element elementor-element-fac267d elementor-section-boxed elementor-section-height-default elementor-section-height-default elementor-invisible\" data-id=\"fac267d\" data-element_type=\"section\" data-settings=\"{&quot;jet_parallax_layout_list&quot;:[{&quot;jet_parallax_layout_image&quot;:{&quot;url&quot;:&quot;&quot;,&quot;id&quot;:&quot;&quot;,&quot;size&quot;:&quot;&quot;},&quot;_id&quot;:&quot;78360ab&quot;,&quot;jet_parallax_layout_speed&quot;:{&quot;unit&quot;:&quot;%&quot;,&quot;size&quot;:50,&quot;sizes&quot;:[]},&quot;jet_parallax_layout_image_tablet&quot;:{&quot;url&quot;:&quot;&quot;,&quot;id&quot;:&quot;&quot;,&quot;size&quot;:&quot;&quot;},&quot;jet_parallax_layout_image_mobile&quot;:{&quot;url&quot;:&quot;&quot;,&quot;id&quot;:&quot;&quot;,&quot;size&quot;:&quot;&quot;},&quot;jet_parallax_layout_type&quot;:&quot;scroll&quot;,&quot;jet_parallax_layout_direction&quot;:&quot;1&quot;,&quot;jet_parallax_layout_fx_direction&quot;:null,&quot;jet_parallax_layout_z_index&quot;:&quot;&quot;,&quot;jet_parallax_layout_bg_x&quot;:50,&quot;jet_parallax_layout_bg_x_tablet&quot;:&quot;&quot;,&quot;jet_parallax_layout_bg_x_mobile&quot;:&quot;&quot;,&quot;jet_parallax_layout_bg_y&quot;:50,&quot;jet_parallax_layout_bg_y_tablet&quot;:&quot;&quot;,&quot;jet_parallax_layout_bg_y_mobile&quot;:&quot;&quot;,&quot;jet_parallax_layout_bg_size&quot;:&quot;auto&quot;,&quot;jet_parallax_layout_bg_size_tablet&quot;:&quot;&quot;,&quot;jet_parallax_layout_bg_size_mobile&quot;:&quot;&quot;,&quot;jet_parallax_layout_animation_prop&quot;:&quot;transform&quot;,&quot;jet_parallax_layout_on&quot;:[&quot;desktop&quot;,&quot;tablet&quot;]}],&quot;background_background&quot;:&quot;classic&quot;,&quot;animation&quot;:&quot;fadeIn&quot;}\">\n\t\t\t\t\t\t\t<div class=\"elementor-background-overlay\"><\/div>\n\t\t\t\t\t\t\t<div class=\"elementor-container elementor-column-gap-default\">\n\t\t\t\t\t<div class=\"elementor-column elementor-col-50 elementor-top-column elementor-element elementor-element-2c1eede\" data-id=\"2c1eede\" data-element_type=\"column\">\n\t\t\t<div class=\"elementor-widget-wrap\">\n\t\t\t\t\t\t\t<\/div>\n\t\t<\/div>\n\t\t\t\t<div class=\"elementor-column elementor-col-50 elementor-top-column elementor-element elementor-element-90333c8\" data-id=\"90333c8\" data-element_type=\"column\">\n\t\t\t<div class=\"elementor-widget-wrap elementor-element-populated\">\n\t\t\t\t\t\t<div class=\"elementor-element elementor-element-0f1a2d4 elementor-widget elementor-widget-heading\" data-id=\"0f1a2d4\" data-element_type=\"widget\" data-widget_type=\"heading.default\">\n\t\t\t\t<div class=\"elementor-widget-container\">\n\t\t\t\t\t<h2 class=\"elementor-heading-title elementor-size-default\">UNTERKUNFT<\/h2>\t\t\t\t<\/div>\n\t\t\t\t<\/div>\n\t\t\t\t<div class=\"elementor-element elementor-element-a47e56e elementor-widget elementor-widget-heading\" data-id=\"a47e56e\" data-element_type=\"widget\" data-widget_type=\"heading.default\">\n\t\t\t\t<div class=\"elementor-widget-container\">\n\t\t\t\t\t<div class=\"elementor-heading-title elementor-size-default\">Sie k\u00f6nnen aus drei Zimmern w\u00e4hlen:<\/div>\t\t\t\t<\/div>\n\t\t\t\t<\/div>\n\t\t\t\t<div class=\"elementor-element elementor-element-135f252 elementor-icon-list--layout-traditional elementor-list-item-link-full_width elementor-widget elementor-widget-icon-list\" data-id=\"135f252\" data-element_type=\"widget\" data-widget_type=\"icon-list.default\">\n\t\t\t\t<div class=\"elementor-widget-container\">\n\t\t\t\t\t\t\t<ul class=\"elementor-icon-list-items\">\n\t\t\t\t\t\t\t<li class=\"elementor-icon-list-item\">\n\t\t\t\t\t\t\t\t\t\t\t<span class=\"elementor-icon-list-icon\">\n\t\t\t\t\t\t\t<i aria-hidden=\"true\" class=\"fas fa-arrow-right\"><\/i>\t\t\t\t\t\t<\/span>\n\t\t\t\t\t\t\t\t\t\t<span class=\"elementor-icon-list-text\">Zweibettzimmer<\/span>\n\t\t\t\t\t\t\t\t\t<\/li>\n\t\t\t\t\t\t\t\t<li class=\"elementor-icon-list-item\">\n\t\t\t\t\t\t\t\t\t\t\t<span class=\"elementor-icon-list-icon\">\n\t\t\t\t\t\t\t<i aria-hidden=\"true\" class=\"fas fa-arrow-right\"><\/i>\t\t\t\t\t\t<\/span>\n\t\t\t\t\t\t\t\t\t\t<span class=\"elementor-icon-list-text\">Apartment<\/span>\n\t\t\t\t\t\t\t\t\t<\/li>\n\t\t\t\t\t\t\t\t<li class=\"elementor-icon-list-item\">\n\t\t\t\t\t\t\t\t\t\t\t<span class=\"elementor-icon-list-icon\">\n\t\t\t\t\t\t\t<i aria-hidden=\"true\" class=\"fas fa-arrow-right\"><\/i>\t\t\t\t\t\t<\/span>\n\t\t\t\t\t\t\t\t\t\t<span class=\"elementor-icon-list-text\">Familienzimmer<\/span>\n\t\t\t\t\t\t\t\t\t<\/li>\n\t\t\t\t\t\t<\/ul>\n\t\t\t\t\t\t<\/div>\n\t\t\t\t<\/div>\n\t\t\t\t<div class=\"elementor-element elementor-element-9f6996b elementor-widget elementor-widget-button\" data-id=\"9f6996b\" data-element_type=\"widget\" data-widget_type=\"button.default\">\n\t\t\t\t<div class=\"elementor-widget-container\">\n\t\t\t\t\t\t\t\t\t<div class=\"elementor-button-wrapper\">\n\t\t\t\t\t<a class=\"elementor-button elementor-button-link elementor-size-sm\" href=\"https:\/\/vilalimba.sk\/de\/unterkunft\/\">\n\t\t\t\t\t\t<span class=\"elementor-button-content-wrapper\">\n\t\t\t\t\t\t<span class=\"elementor-button-icon\">\n\t\t\t\t\t\t\t\t\t<i class=\"fa fa-arrow-circle-right\" aria-hidden=\"true\"><\/i>\n\t\t\t\t\t\t\t<\/span>\n\t\t\t\t\t\t\t\t\t<span class=\"elementor-button-text\">Erfahren Sie mehr <\/span>\n\t\t\t\t\t<\/span>\n\t\t\t\t\t<\/a>\n\t\t\t\t<\/div>\n\t\t\t\t\t\t\t\t<\/div>\n\t\t\t\t<\/div>\n\t\t\t\t\t<\/div>\n\t\t<\/div>\n\t\t\t\t\t<\/div>\n\t\t<\/section>\n\t\t\t\t<section class=\"elementor-section elementor-top-section elementor-element elementor-element-ef32fde elementor-section-boxed elementor-section-height-default elementor-section-height-default elementor-invisible\" data-id=\"ef32fde\" data-element_type=\"section\" data-settings=\"{&quot;jet_parallax_layout_list&quot;:[{&quot;jet_parallax_layout_image&quot;:{&quot;url&quot;:&quot;&quot;,&quot;id&quot;:&quot;&quot;,&quot;size&quot;:&quot;&quot;},&quot;_id&quot;:&quot;8d768fc&quot;,&quot;jet_parallax_layout_speed&quot;:{&quot;unit&quot;:&quot;%&quot;,&quot;size&quot;:50,&quot;sizes&quot;:[]},&quot;jet_parallax_layout_image_tablet&quot;:{&quot;url&quot;:&quot;&quot;,&quot;id&quot;:&quot;&quot;,&quot;size&quot;:&quot;&quot;},&quot;jet_parallax_layout_image_mobile&quot;:{&quot;url&quot;:&quot;&quot;,&quot;id&quot;:&quot;&quot;,&quot;size&quot;:&quot;&quot;},&quot;jet_parallax_layout_type&quot;:&quot;scroll&quot;,&quot;jet_parallax_layout_direction&quot;:&quot;1&quot;,&quot;jet_parallax_layout_fx_direction&quot;:null,&quot;jet_parallax_layout_z_index&quot;:&quot;&quot;,&quot;jet_parallax_layout_bg_x&quot;:50,&quot;jet_parallax_layout_bg_x_tablet&quot;:&quot;&quot;,&quot;jet_parallax_layout_bg_x_mobile&quot;:&quot;&quot;,&quot;jet_parallax_layout_bg_y&quot;:50,&quot;jet_parallax_layout_bg_y_tablet&quot;:&quot;&quot;,&quot;jet_parallax_layout_bg_y_mobile&quot;:&quot;&quot;,&quot;jet_parallax_layout_bg_size&quot;:&quot;auto&quot;,&quot;jet_parallax_layout_bg_size_tablet&quot;:&quot;&quot;,&quot;jet_parallax_layout_bg_size_mobile&quot;:&quot;&quot;,&quot;jet_parallax_layout_animation_prop&quot;:&quot;transform&quot;,&quot;jet_parallax_layout_on&quot;:[&quot;desktop&quot;,&quot;tablet&quot;]}],&quot;animation&quot;:&quot;fadeIn&quot;}\">\n\t\t\t\t\t\t<div class=\"elementor-container elementor-column-gap-default\">\n\t\t\t\t\t<div class=\"elementor-column elementor-col-100 elementor-top-column elementor-element elementor-element-ecd8785\" data-id=\"ecd8785\" data-element_type=\"column\">\n\t\t\t<div class=\"elementor-widget-wrap elementor-element-populated\">\n\t\t\t\t\t\t<div class=\"elementor-element elementor-element-15d4c7f elementor-widget elementor-widget-heading\" data-id=\"15d4c7f\" data-element_type=\"widget\" data-widget_type=\"heading.default\">\n\t\t\t\t<div class=\"elementor-widget-container\">\n\t\t\t\t\t<h2 class=\"elementor-heading-title elementor-size-default\">PHOTOGALERIE<\/h2>\t\t\t\t<\/div>\n\t\t\t\t<\/div>\n\t\t\t\t<div class=\"elementor-element elementor-element-b2b42c9 elementor-widget elementor-widget-text-editor\" data-id=\"b2b42c9\" data-element_type=\"widget\" data-widget_type=\"text-editor.default\">\n\t\t\t\t<div class=\"elementor-widget-container\">\n\t\t\t\t\t\t\t\t\t<p>Vila Limba befindet sich in der sch\u00f6nen Hohen Tatra.<\/p>\n\t\t\t\t\t\t\t\t<\/div>\n\t\t\t\t<\/div>\n\t\t\t\t<div class=\"elementor-element elementor-element-d0c38a5 gallery-spacing-custom elementor-widget elementor-widget-image-gallery\" data-id=\"d0c38a5\" data-element_type=\"widget\" data-widget_type=\"image-gallery.default\">\n\t\t\t\t<div class=\"elementor-widget-container\">\n\t\t\t\t\t\t\t<div class=\"elementor-image-gallery\">\n\t\t\t<div id='gallery-1' class='gallery galleryid-1011 gallery-columns-4 gallery-size-gallery-thumb'><figure class='gallery-item'>\n\t\t\t<div class='gallery-icon landscape'>\n\t\t\t\t<a data-elementor-open-lightbox=\"yes\" data-elementor-lightbox-slideshow=\"d0c38a5\" data-elementor-lightbox-title=\"KCFVE2713\" data-e-action-hash=\"#elementor-action%3Aaction%3Dlightbox%26settings%3DeyJpZCI6NDU1NSwidXJsIjoiaHR0cHM6XC9cL3ZpbGFsaW1iYS5za1wvd3AtY29udGVudFwvdXBsb2Fkc1wvMjAxOFwvMTBcL0tDRlZFMjcxMy1zY2FsZWQuanBnIiwic2xpZGVzaG93IjoiZDBjMzhhNSJ9\" href='https:\/\/vilalimba.sk\/wp-content\/uploads\/2018\/10\/KCFVE2713-scaled.jpg'><img fetchpriority=\"high\" decoding=\"async\" width=\"300\" height=\"200\" src=\"https:\/\/vilalimba.sk\/wp-content\/uploads\/2018\/10\/KCFVE2713-300x200.jpg\" class=\"attachment-gallery-thumb size-gallery-thumb\" alt=\"\" \/><\/a>\n\t\t\t<\/div><\/figure><figure class='gallery-item'>\n\t\t\t<div class='gallery-icon landscape'>\n\t\t\t\t<a data-elementor-open-lightbox=\"yes\" data-elementor-lightbox-slideshow=\"d0c38a5\" data-elementor-lightbox-title=\"IMG_7505\" data-e-action-hash=\"#elementor-action%3Aaction%3Dlightbox%26settings%3DeyJpZCI6NDc5MCwidXJsIjoiaHR0cHM6XC9cL3ZpbGFsaW1iYS5za1wvd3AtY29udGVudFwvdXBsb2Fkc1wvMjAyNFwvMTJcL0lNR183NTA1LXNjYWxlZC5qcGciLCJzbGlkZXNob3ciOiJkMGMzOGE1In0%3D\" href='https:\/\/vilalimba.sk\/wp-content\/uploads\/2024\/12\/IMG_7505-scaled.jpg'><img decoding=\"async\" width=\"2560\" height=\"1920\" src=\"https:\/\/vilalimba.sk\/wp-content\/uploads\/2024\/12\/IMG_7505-scaled.jpg\" class=\"attachment-gallery-thumb size-gallery-thumb\" alt=\"\" srcset=\"https:\/\/vilalimba.sk\/wp-content\/uploads\/2024\/12\/IMG_7505-scaled.jpg 2560w, https:\/\/vilalimba.sk\/wp-content\/uploads\/2024\/12\/IMG_7505-300x225.jpg 300w, https:\/\/vilalimba.sk\/wp-content\/uploads\/2024\/12\/IMG_7505-1024x768.jpg 1024w, https:\/\/vilalimba.sk\/wp-content\/uploads\/2024\/12\/IMG_7505-768x576.jpg 768w, https:\/\/vilalimba.sk\/wp-content\/uploads\/2024\/12\/IMG_7505-1536x1152.jpg 1536w, https:\/\/vilalimba.sk\/wp-content\/uploads\/2024\/12\/IMG_7505-2048x1536.jpg 2048w\" sizes=\"(max-width: 2560px) 100vw, 2560px\" \/><\/a>\n\t\t\t<\/div><\/figure><figure class='gallery-item'>\n\t\t\t<div class='gallery-icon landscape'>\n\t\t\t\t<a data-elementor-open-lightbox=\"yes\" data-elementor-lightbox-slideshow=\"d0c38a5\" data-elementor-lightbox-title=\"P8020019\" data-e-action-hash=\"#elementor-action%3Aaction%3Dlightbox%26settings%3DeyJpZCI6MTI4NiwidXJsIjoiaHR0cHM6XC9cL3ZpbGFsaW1iYS5za1wvd3AtY29udGVudFwvdXBsb2Fkc1wvMjAxOVwvMDhcL1A4MDIwMDE5LmpwZyIsInNsaWRlc2hvdyI6ImQwYzM4YTUifQ%3D%3D\" href='https:\/\/vilalimba.sk\/wp-content\/uploads\/2019\/08\/P8020019.jpg'><img decoding=\"async\" width=\"300\" height=\"200\" src=\"https:\/\/vilalimba.sk\/wp-content\/uploads\/2019\/08\/P8020019-300x200.jpg\" class=\"attachment-gallery-thumb size-gallery-thumb\" alt=\"\" \/><\/a>\n\t\t\t<\/div><\/figure><figure class='gallery-item'>\n\t\t\t<div class='gallery-icon landscape'>\n\t\t\t\t<a data-elementor-open-lightbox=\"yes\" data-elementor-lightbox-slideshow=\"d0c38a5\" data-elementor-lightbox-title=\"IMG_7757\" data-e-action-hash=\"#elementor-action%3Aaction%3Dlightbox%26settings%3DeyJpZCI6NDc5NSwidXJsIjoiaHR0cHM6XC9cL3ZpbGFsaW1iYS5za1wvd3AtY29udGVudFwvdXBsb2Fkc1wvMjAyNFwvMTJcL0lNR183NzU3LXNjYWxlZC5qcGciLCJzbGlkZXNob3ciOiJkMGMzOGE1In0%3D\" href='https:\/\/vilalimba.sk\/wp-content\/uploads\/2024\/12\/IMG_7757-scaled.jpg'><img loading=\"lazy\" decoding=\"async\" width=\"2560\" height=\"1353\" src=\"https:\/\/vilalimba.sk\/wp-content\/uploads\/2024\/12\/IMG_7757-scaled.jpg\" class=\"attachment-gallery-thumb size-gallery-thumb\" alt=\"\" srcset=\"https:\/\/vilalimba.sk\/wp-content\/uploads\/2024\/12\/IMG_7757-scaled.jpg 2560w, https:\/\/vilalimba.sk\/wp-content\/uploads\/2024\/12\/IMG_7757-300x158.jpg 300w, https:\/\/vilalimba.sk\/wp-content\/uploads\/2024\/12\/IMG_7757-1024x541.jpg 1024w, https:\/\/vilalimba.sk\/wp-content\/uploads\/2024\/12\/IMG_7757-768x406.jpg 768w, https:\/\/vilalimba.sk\/wp-content\/uploads\/2024\/12\/IMG_7757-1536x812.jpg 1536w, https:\/\/vilalimba.sk\/wp-content\/uploads\/2024\/12\/IMG_7757-2048x1082.jpg 2048w\" sizes=\"(max-width: 2560px) 100vw, 2560px\" \/><\/a>\n\t\t\t<\/div><\/figure><figure class='gallery-item'>\n\t\t\t<div class='gallery-icon landscape'>\n\t\t\t\t<a data-elementor-open-lightbox=\"yes\" data-elementor-lightbox-slideshow=\"d0c38a5\" data-elementor-lightbox-title=\"IMG_5437\" data-e-action-hash=\"#elementor-action%3Aaction%3Dlightbox%26settings%3DeyJpZCI6MTQ2MiwidXJsIjoiaHR0cHM6XC9cL3ZpbGFsaW1iYS5za1wvd3AtY29udGVudFwvdXBsb2Fkc1wvMjAyMFwvMDZcL0lNR181NDM3LmpwZyIsInNsaWRlc2hvdyI6ImQwYzM4YTUifQ%3D%3D\" href='https:\/\/vilalimba.sk\/wp-content\/uploads\/2020\/06\/IMG_5437.jpg'><img loading=\"lazy\" decoding=\"async\" width=\"300\" height=\"200\" src=\"https:\/\/vilalimba.sk\/wp-content\/uploads\/2020\/06\/IMG_5437-300x200.jpg\" class=\"attachment-gallery-thumb size-gallery-thumb\" alt=\"\" \/><\/a>\n\t\t\t<\/div><\/figure><figure class='gallery-item'>\n\t\t\t<div class='gallery-icon landscape'>\n\t\t\t\t<a data-elementor-open-lightbox=\"yes\" data-elementor-lightbox-slideshow=\"d0c38a5\" data-elementor-lightbox-title=\"IMG_5088\" data-e-action-hash=\"#elementor-action%3Aaction%3Dlightbox%26settings%3DeyJpZCI6NDc0MCwidXJsIjoiaHR0cHM6XC9cL3ZpbGFsaW1iYS5za1wvd3AtY29udGVudFwvdXBsb2Fkc1wvMjAyNFwvMTJcL0lNR181MDg4LXNjYWxlZC5qcGciLCJzbGlkZXNob3ciOiJkMGMzOGE1In0%3D\" href='https:\/\/vilalimba.sk\/wp-content\/uploads\/2024\/12\/IMG_5088-scaled.jpg'><img loading=\"lazy\" decoding=\"async\" width=\"2560\" height=\"1920\" src=\"https:\/\/vilalimba.sk\/wp-content\/uploads\/2024\/12\/IMG_5088-scaled.jpg\" class=\"attachment-gallery-thumb size-gallery-thumb\" alt=\"\" srcset=\"https:\/\/vilalimba.sk\/wp-content\/uploads\/2024\/12\/IMG_5088-scaled.jpg 2560w, https:\/\/vilalimba.sk\/wp-content\/uploads\/2024\/12\/IMG_5088-300x225.jpg 300w, https:\/\/vilalimba.sk\/wp-content\/uploads\/2024\/12\/IMG_5088-1024x768.jpg 1024w, https:\/\/vilalimba.sk\/wp-content\/uploads\/2024\/12\/IMG_5088-768x576.jpg 768w, https:\/\/vilalimba.sk\/wp-content\/uploads\/2024\/12\/IMG_5088-1536x1152.jpg 1536w, https:\/\/vilalimba.sk\/wp-content\/uploads\/2024\/12\/IMG_5088-2048x1536.jpg 2048w\" sizes=\"(max-width: 2560px) 100vw, 2560px\" \/><\/a>\n\t\t\t<\/div><\/figure><figure class='gallery-item'>\n\t\t\t<div class='gallery-icon landscape'>\n\t\t\t\t<a data-elementor-open-lightbox=\"yes\" data-elementor-lightbox-slideshow=\"d0c38a5\" data-elementor-lightbox-title=\"IMG_7500\" data-e-action-hash=\"#elementor-action%3Aaction%3Dlightbox%26settings%3DeyJpZCI6NDc4MCwidXJsIjoiaHR0cHM6XC9cL3ZpbGFsaW1iYS5za1wvd3AtY29udGVudFwvdXBsb2Fkc1wvMjAyNFwvMTJcL0lNR183NTAwLXNjYWxlZC5qcGciLCJzbGlkZXNob3ciOiJkMGMzOGE1In0%3D\" href='https:\/\/vilalimba.sk\/wp-content\/uploads\/2024\/12\/IMG_7500-scaled.jpg'><img loading=\"lazy\" decoding=\"async\" width=\"2560\" height=\"1920\" src=\"https:\/\/vilalimba.sk\/wp-content\/uploads\/2024\/12\/IMG_7500-scaled.jpg\" class=\"attachment-gallery-thumb size-gallery-thumb\" alt=\"\" srcset=\"https:\/\/vilalimba.sk\/wp-content\/uploads\/2024\/12\/IMG_7500-scaled.jpg 2560w, https:\/\/vilalimba.sk\/wp-content\/uploads\/2024\/12\/IMG_7500-300x225.jpg 300w, https:\/\/vilalimba.sk\/wp-content\/uploads\/2024\/12\/IMG_7500-1024x768.jpg 1024w, https:\/\/vilalimba.sk\/wp-content\/uploads\/2024\/12\/IMG_7500-768x576.jpg 768w, https:\/\/vilalimba.sk\/wp-content\/uploads\/2024\/12\/IMG_7500-1536x1152.jpg 1536w, https:\/\/vilalimba.sk\/wp-content\/uploads\/2024\/12\/IMG_7500-2048x1536.jpg 2048w\" sizes=\"(max-width: 2560px) 100vw, 2560px\" \/><\/a>\n\t\t\t<\/div><\/figure><figure class='gallery-item'>\n\t\t\t<div class='gallery-icon landscape'>\n\t\t\t\t<a data-elementor-open-lightbox=\"yes\" data-elementor-lightbox-slideshow=\"d0c38a5\" data-elementor-lightbox-title=\"IMG_5652\" data-e-action-hash=\"#elementor-action%3Aaction%3Dlightbox%26settings%3DeyJpZCI6NDc2NSwidXJsIjoiaHR0cHM6XC9cL3ZpbGFsaW1iYS5za1wvd3AtY29udGVudFwvdXBsb2Fkc1wvMjAyNFwvMTJcL0lNR181NjUyLXNjYWxlZC5qcGciLCJzbGlkZXNob3ciOiJkMGMzOGE1In0%3D\" href='https:\/\/vilalimba.sk\/wp-content\/uploads\/2024\/12\/IMG_5652-scaled.jpg'><img loading=\"lazy\" decoding=\"async\" width=\"2560\" height=\"1920\" src=\"https:\/\/vilalimba.sk\/wp-content\/uploads\/2024\/12\/IMG_5652-scaled.jpg\" class=\"attachment-gallery-thumb size-gallery-thumb\" alt=\"\" srcset=\"https:\/\/vilalimba.sk\/wp-content\/uploads\/2024\/12\/IMG_5652-scaled.jpg 2560w, https:\/\/vilalimba.sk\/wp-content\/uploads\/2024\/12\/IMG_5652-300x225.jpg 300w, https:\/\/vilalimba.sk\/wp-content\/uploads\/2024\/12\/IMG_5652-1024x768.jpg 1024w, https:\/\/vilalimba.sk\/wp-content\/uploads\/2024\/12\/IMG_5652-768x576.jpg 768w, https:\/\/vilalimba.sk\/wp-content\/uploads\/2024\/12\/IMG_5652-1536x1152.jpg 1536w, https:\/\/vilalimba.sk\/wp-content\/uploads\/2024\/12\/IMG_5652-2048x1536.jpg 2048w\" sizes=\"(max-width: 2560px) 100vw, 2560px\" \/><\/a>\n\t\t\t<\/div><\/figure>\n\t\t<\/div>\n\t\t<\/div>\n\t\t\t\t\t\t<\/div>\n\t\t\t\t<\/div>\n\t\t\t\t<div class=\"elementor-element elementor-element-09eb0f5 elementor-align-center elementor-widget elementor-widget-button\" data-id=\"09eb0f5\" data-element_type=\"widget\" data-widget_type=\"button.default\">\n\t\t\t\t<div class=\"elementor-widget-container\">\n\t\t\t\t\t\t\t\t\t<div class=\"elementor-button-wrapper\">\n\t\t\t\t\t<a class=\"elementor-button elementor-button-link elementor-size-sm\" href=\"https:\/\/vilalimba.sk\/de\/galerie\/\">\n\t\t\t\t\t\t<span class=\"elementor-button-content-wrapper\">\n\t\t\t\t\t\t<span class=\"elementor-button-icon\">\n\t\t\t\t\t\t\t\t\t<i class=\"fa fa-arrow-circle-right\" aria-hidden=\"true\"><\/i>\n\t\t\t\t\t\t\t<\/span>\n\t\t\t\t\t\t\t\t\t<span class=\"elementor-button-text\">GANZE PHOTOGALERIE <\/span>\n\t\t\t\t\t<\/span>\n\t\t\t\t\t<\/a>\n\t\t\t\t<\/div>\n\t\t\t\t\t\t\t\t<\/div>\n\t\t\t\t<\/div>\n\t\t\t\t\t<\/div>\n\t\t<\/div>\n\t\t\t\t\t<\/div>\n\t\t<\/section>\n\t\t\t\t<\/div>\n\t\t","protected":false},"excerpt":{"rendered":"<p>VILA LIMBA &#8211; NOV\u00dd SMOKOVEC Vila Limba bietet Unterkunft in einer Familienpension im Zentrum der Hohen Tatra in Novy Smokovec. Das Hotel liegt 400 Meter von der Seilbahn auf Hrebienok, 200 Meter von der Stra\u00dfenbahnhaltestelle (auch) und nur 150 Meter von den Pisten entfernt. Es ist ein idealer Ausgangspunkt f\u00fcr Wanderungen und verschiedene sportliche Aktivit\u00e4ten. [&hellip;]<\/p>\n","protected":false},"author":1,"featured_media":0,"parent":0,"menu_order":0,"comment_status":"closed","ping_status":"closed","template":"","meta":{"site-sidebar-layout":"no-sidebar","site-content-layout":"page-builder","ast-site-content-layout":"full-width-container","site-content-style":"unboxed","site-sidebar-style":"unboxed","ast-global-header-display":"","ast-banner-title-visibility":"","ast-main-header-display":"","ast-hfb-above-header-display":"","ast-hfb-below-header-display":"","ast-hfb-mobile-header-display":"","site-post-title":"disabled","ast-breadcrumbs-content":"","ast-featured-img":"disabled","footer-sml-layout":"","theme-transparent-header-meta":"default","adv-header-id-meta":"","stick-header-meta":"","header-above-stick-meta":"","header-main-stick-meta":"","header-below-stick-meta":"","astra-migrate-meta-layouts":"default","ast-page-background-enabled":"default","ast-page-background-meta":{"desktop":{"background-color":"","background-image":"","background-repeat":"repeat","background-position":"center center","background-size":"auto","background-attachment":"scroll","background-type":"","background-media":"","overlay-type":"","overlay-color":"","overlay-opacity":"","overlay-gradient":""},"tablet":{"background-color":"","background-image":"","background-repeat":"repeat","background-position":"center center","background-size":"auto","background-attachment":"scroll","background-type":"","background-media":"","overlay-type":"","overlay-color":"","overlay-opacity":"","overlay-gradient":""},"mobile":{"background-color":"","background-image":"","background-repeat":"repeat","background-position":"center center","background-size":"auto","background-attachment":"scroll","background-type":"","background-media":"","overlay-type":"","overlay-color":"","overlay-opacity":"","overlay-gradient":""}},"ast-content-background-meta":{"desktop":{"background-color":"var(--ast-global-color-5)","background-image":"","background-repeat":"repeat","background-position":"center center","background-size":"auto","background-attachment":"scroll","background-type":"","background-media":"","overlay-type":"","overlay-color":"","overlay-opacity":"","overlay-gradient":""},"tablet":{"background-color":"var(--ast-global-color-5)","background-image":"","background-repeat":"repeat","background-position":"center center","background-size":"auto","background-attachment":"scroll","background-type":"","background-media":"","overlay-type":"","overlay-color":"","overlay-opacity":"","overlay-gradient":""},"mobile":{"background-color":"var(--ast-global-color-5)","background-image":"","background-repeat":"repeat","background-position":"center center","background-size":"auto","background-attachment":"scroll","background-type":"","background-media":"","overlay-type":"","overlay-color":"","overlay-opacity":"","overlay-gradient":""}},"footnotes":""},"class_list":["post-1011","page","type-page","status-publish","hentry"],"_links":{"self":[{"href":"https:\/\/vilalimba.sk\/de\/wp-json\/wp\/v2\/pages\/1011","targetHints":{"allow":["GET"]}}],"collection":[{"href":"https:\/\/vilalimba.sk\/de\/wp-json\/wp\/v2\/pages"}],"about":[{"href":"https:\/\/vilalimba.sk\/de\/wp-json\/wp\/v2\/types\/page"}],"author":[{"embeddable":true,"href":"https:\/\/vilalimba.sk\/de\/wp-json\/wp\/v2\/users\/1"}],"replies":[{"embeddable":true,"href":"https:\/\/vilalimba.sk\/de\/wp-json\/wp\/v2\/comments?post=1011"}],"version-history":[{"count":16,"href":"https:\/\/vilalimba.sk\/de\/wp-json\/wp\/v2\/pages\/1011\/revisions"}],"predecessor-version":[{"id":4830,"href":"https:\/\/vilalimba.sk\/de\/wp-json\/wp\/v2\/pages\/1011\/revisions\/4830"}],"wp:attachment":[{"href":"https:\/\/vilalimba.sk\/de\/wp-json\/wp\/v2\/media?parent=1011"}],"curies":[{"name":"wp","href":"https:\/\/api.w.org\/{rel}","templated":true}]}}